{"id":746,"date":"2024-01-27T03:30:42","date_gmt":"2024-01-27T03:30:42","guid":{"rendered":"https:\/\/apkmods.com.br\/?page_id=746"},"modified":"2024-12-08T22:58:35","modified_gmt":"2024-12-08T22:58:35","slug":"contact","status":"publish","type":"page","link":"https:\/\/apkmods.com.br\/en\/contact\/","title":{"rendered":"Get in Touch"},"content":{"rendered":"<!--advertisement--><div class=\"mx-5 sm:mx-0 sm:text-3xl text-2xl font-medium title-font mb-4 text-gray-900 text-left\">\n<h2 class=\"wp-block-heading\">We want to hear from you!<\/h2>\n<\/div><div class=\"mx-5 sm:mx-0 prose leading-relaxed text-lg mb-5 text-left wp-paragraph\">\n<p>Got something in mind you&#039;d like to share? At APKMods, your contribution makes all the difference! Send your suggestions, ideas, or any feedback using the form below. Our team is always ready to respond and give you the attention you deserve.<\/p>\n<\/div><div class=\"mx-5 sm:mx-0 prose leading-relaxed text-lg mb-5 text-left wp-paragraph\">\n<p>Trust is our priority, so we ensure that all information provided will be treated with absolute confidentiality. Join us on this journey of continuous evolution and help APKMods become even more relevant and impactful for everyone.<\/p>\n<\/div><div class=\"mx-5 sm:mx-0 prose text-left mb-5\"><div class=\"wpforms-container wpforms-container-full wpforms-block\" id=\"wpforms-3300\"><form id=\"wpforms-form-3300\" class=\"wpforms-validate wpforms-form wpforms-ajax-form\" data-formid=\"3300\" method=\"post\" enctype=\"multipart\/form-data\" action=\"\/en\/wp-json\/wp\/v2\/pages\/746\" data-token=\"cfd350ff0190d7526376752450133dc1\" data-token-time=\"1776037758\" data-trp-original-action=\"\/en\/wp-json\/wp\/v2\/pages\/746\"><noscript class=\"wpforms-error-noscript\">Please enable JavaScript in your browser to complete this form.<\/noscript><div class=\"wpforms-field-container\"><div id=\"wpforms-3300-field_0-container\" class=\"wpforms-field wpforms-field-name\" data-field-id=\"0\"><label class=\"wpforms-field-label\">Name <span class=\"wpforms-required-label\">*<\/span><\/label><div class=\"wpforms-field-row wpforms-field-medium\"><div class=\"wpforms-field-row-block wpforms-first wpforms-one-half\"><input type=\"text\" id=\"wpforms-3300-field_0\" class=\"wpforms-field-name-first wpforms-field-required\" name=\"wpforms[fields][0][first]\" required><label for=\"wpforms-3300-field_0\" class=\"wpforms-field-sublabel after\">First<\/label><\/div><div class=\"wpforms-field-row-block wpforms-one-half\"><input type=\"text\" id=\"wpforms-3300-field_0-last\" class=\"wpforms-field-name-last wpforms-field-required\" name=\"wpforms[fields][0][last]\" required><label for=\"wpforms-3300-field_0-last\" class=\"wpforms-field-sublabel after\">Last<\/label><\/div><\/div><\/div><div id=\"wpforms-3300-field_1-container\" class=\"wpforms-field wpforms-field-email\" data-field-id=\"1\"><label class=\"wpforms-field-label\" for=\"wpforms-3300-field_1\">E-mail <span class=\"wpforms-required-label\">*<\/span><\/label><input type=\"email\" id=\"wpforms-3300-field_1\" class=\"wpforms-field-medium wpforms-field-required\" name=\"wpforms[fields][1]\" spellcheck=\"false\" required><\/div><div id=\"wpforms-3300-field_2-container\" class=\"wpforms-field wpforms-field-textarea\" data-field-id=\"2\"><label class=\"wpforms-field-label\" for=\"wpforms-3300-field_2\">Comment or Message <span class=\"wpforms-required-label\">*<\/span><\/label><textarea id=\"wpforms-3300-field_2\" class=\"wpforms-field-medium wpforms-field-required\" name=\"wpforms[fields][2]\" required><\/textarea><\/div><\/div><!-- .wpforms-field-container --><div class=\"wpforms-submit-container\" ><input type=\"hidden\" name=\"wpforms[id]\" value=\"3300\"><input type=\"hidden\" name=\"page_title\" value=\"\"><input type=\"hidden\" name=\"page_url\" value=\"https:\/\/apkmods.com.br\/en\/wp-json\/wp\/v2\/pages\/746\"><input type=\"hidden\" name=\"url_referer\" value=\"\"><button type=\"submit\" name=\"wpforms[submit]\" id=\"wpforms-submit-3300\" class=\"wpforms-submit\" data-alt-text=\"Sending...\" data-submit-text=\"Submit\" aria-live=\"assertive\" value=\"wpforms-submit\">Submit<\/button><img loading=\"lazy\" decoding=\"async\" src=\"https:\/\/apkmods.com.br\/wp-content\/plugins\/wpforms-lite\/assets\/images\/submit-spin.svg\" class=\"wpforms-submit-spinner\" style=\"display: none;\" width=\"26\" height=\"26\" alt=\"Loading\"><\/div><input type=\"hidden\" name=\"trp-form-language\" value=\"en\"\/><\/form><\/div>  <!-- .wpforms-container --><\/div>","protected":false},"excerpt":{"rendered":"<p>We want to hear from you! Got something in mind you&#039;d like to share? At APKMods, your contribution makes all the difference! Send your suggestions, ideas, or any feedback using the form below. Our team is always ready to respond and give you the attention you deserve. Trust is our priority, so we ensure that all\u2026 <a class=\"more-link\" href=\"https:\/\/apkmods.com.br\/en\/contact\/\">Continue reading <span class=\"screen-reader-text\">Get in Touch<\/span><\/a><\/p>","protected":false},"author":34,"featured_media":0,"parent":0,"menu_order":0,"comment_status":"closed","ping_status":"closed","template":"","meta":{"footnotes":""},"yoast_head":"<!-- This site is optimized with the Yoast SEO plugin v23.3 - https:\/\/yoast.com\/wordpress\/plugins\/seo\/ -->\n<title>Entre em Contato - Apk Mods<\/title>\n<meta name=\"robots\" content=\"index, follow, max-snippet:-1, max-image-preview:large, max-video-preview:-1\" \/>\n<link rel=\"canonical\" href=\"https:\/\/apkmods.com.br\/en\/contact\/\" \/>\n<meta property=\"og:locale\" content=\"en_US\" \/>\n<meta property=\"og:type\" content=\"article\" \/>\n<meta property=\"og:title\" content=\"Entre em Contato - Apk Mods\" \/>\n<meta property=\"og:description\" content=\"Queremos ouvir voc\u00ea! Tem algo em mente que gostaria de compartilhar? No APKMods, sua contribui\u00e7\u00e3o faz toda a diferen\u00e7a! Envie suas sugest\u00f5es, ideias ou qualquer feedback por meio do formul\u00e1rio abaixo. Nossa equipe est\u00e1 sempre pronta para responder e dar a aten\u00e7\u00e3o que voc\u00ea merece. A confian\u00e7a \u00e9 nossa prioridade, por isso asseguramos que todas&hellip; Continue reading Entre em Contato\" \/>\n<meta property=\"og:url\" content=\"https:\/\/apkmods.com.br\/en\/contact\/\" \/>\n<meta property=\"og:site_name\" content=\"Apk Mods\" \/>\n<meta property=\"article:modified_time\" content=\"2024-12-08T22:58:35+00:00\" \/>\n<meta name=\"twitter:card\" content=\"summary_large_image\" \/>\n<meta name=\"twitter:label1\" content=\"Est. reading time\" \/>\n\t<meta name=\"twitter:data1\" content=\"1 minute\" \/>\n<script type=\"application\/ld+json\" class=\"yoast-schema-graph\">{\"@context\":\"https:\/\/schema.org\",\"@graph\":[{\"@type\":\"WebPage\",\"@id\":\"https:\/\/apkmods.com.br\/contact\/\",\"url\":\"https:\/\/apkmods.com.br\/contact\/\",\"name\":\"Entre em Contato - Apk Mods\",\"isPartOf\":{\"@id\":\"https:\/\/apkmods.com.br\/#website\"},\"datePublished\":\"2024-01-27T03:30:42+00:00\",\"dateModified\":\"2024-12-08T22:58:35+00:00\",\"breadcrumb\":{\"@id\":\"https:\/\/apkmods.com.br\/contact\/#breadcrumb\"},\"inLanguage\":\"en-US\",\"potentialAction\":[{\"@type\":\"ReadAction\",\"target\":[\"https:\/\/apkmods.com.br\/contact\/\"]}]},{\"@type\":\"BreadcrumbList\",\"@id\":\"https:\/\/apkmods.com.br\/contact\/#breadcrumb\",\"itemListElement\":[{\"@type\":\"ListItem\",\"position\":1,\"name\":\"Home\",\"item\":\"https:\/\/apkmods.com.br\/\"},{\"@type\":\"ListItem\",\"position\":2,\"name\":\"Entre em Contato\"}]},{\"@type\":\"WebSite\",\"@id\":\"https:\/\/apkmods.com.br\/#website\",\"url\":\"https:\/\/apkmods.com.br\/\",\"name\":\"Apk Mods\",\"description\":\"Bem-vindo ao mundo dos apps que v\u00e3o turbinar sua vida! \",\"potentialAction\":[{\"@type\":\"SearchAction\",\"target\":{\"@type\":\"EntryPoint\",\"urlTemplate\":\"https:\/\/apkmods.com.br\/?s={search_term_string}\"},\"query-input\":\"required name=search_term_string\"}],\"inLanguage\":\"en-US\"}]}<\/script>\n<!-- \/ Yoast SEO plugin. -->","yoast_head_json":{"title":"Entre em Contato - Apk Mods","robots":{"index":"index","follow":"follow","max-snippet":"max-snippet:-1","max-image-preview":"max-image-preview:large","max-video-preview":"max-video-preview:-1"},"canonical":"https:\/\/apkmods.com.br\/en\/contact\/","og_locale":"en_US","og_type":"article","og_title":"Entre em Contato - Apk Mods","og_description":"Queremos ouvir voc\u00ea! Tem algo em mente que gostaria de compartilhar? No APKMods, sua contribui\u00e7\u00e3o faz toda a diferen\u00e7a! Envie suas sugest\u00f5es, ideias ou qualquer feedback por meio do formul\u00e1rio abaixo. Nossa equipe est\u00e1 sempre pronta para responder e dar a aten\u00e7\u00e3o que voc\u00ea merece. A confian\u00e7a \u00e9 nossa prioridade, por isso asseguramos que todas&hellip; Continue reading Entre em Contato","og_url":"https:\/\/apkmods.com.br\/en\/contact\/","og_site_name":"Apk Mods","article_modified_time":"2024-12-08T22:58:35+00:00","twitter_card":"summary_large_image","twitter_misc":{"Est. reading time":"1 minute"},"schema":{"@context":"https:\/\/schema.org","@graph":[{"@type":"WebPage","@id":"https:\/\/apkmods.com.br\/contact\/","url":"https:\/\/apkmods.com.br\/contact\/","name":"Entre em Contato - Apk Mods","isPartOf":{"@id":"https:\/\/apkmods.com.br\/#website"},"datePublished":"2024-01-27T03:30:42+00:00","dateModified":"2024-12-08T22:58:35+00:00","breadcrumb":{"@id":"https:\/\/apkmods.com.br\/contact\/#breadcrumb"},"inLanguage":"en-US","potentialAction":[{"@type":"ReadAction","target":["https:\/\/apkmods.com.br\/contact\/"]}]},{"@type":"BreadcrumbList","@id":"https:\/\/apkmods.com.br\/contact\/#breadcrumb","itemListElement":[{"@type":"ListItem","position":1,"name":"Home","item":"https:\/\/apkmods.com.br\/"},{"@type":"ListItem","position":2,"name":"Entre em Contato"}]},{"@type":"WebSite","@id":"https:\/\/apkmods.com.br\/#website","url":"https:\/\/apkmods.com.br\/","name":"Apk Mods","description":"Bem-vindo ao mundo dos apps que v\u00e3o turbinar sua vida! ","potentialAction":[{"@type":"SearchAction","target":{"@type":"EntryPoint","urlTemplate":"https:\/\/apkmods.com.br\/?s={search_term_string}"},"query-input":"required name=search_term_string"}],"inLanguage":"en-US"}]}},"_links":{"self":[{"href":"https:\/\/apkmods.com.br\/en\/wp-json\/wp\/v2\/pages\/746"}],"collection":[{"href":"https:\/\/apkmods.com.br\/en\/wp-json\/wp\/v2\/pages"}],"about":[{"href":"https:\/\/apkmods.com.br\/en\/wp-json\/wp\/v2\/types\/page"}],"author":[{"embeddable":true,"href":"https:\/\/apkmods.com.br\/en\/wp-json\/wp\/v2\/users\/34"}],"replies":[{"embeddable":true,"href":"https:\/\/apkmods.com.br\/en\/wp-json\/wp\/v2\/comments?post=746"}],"version-history":[{"count":2,"href":"https:\/\/apkmods.com.br\/en\/wp-json\/wp\/v2\/pages\/746\/revisions"}],"predecessor-version":[{"id":3302,"href":"https:\/\/apkmods.com.br\/en\/wp-json\/wp\/v2\/pages\/746\/revisions\/3302"}],"wp:attachment":[{"href":"https:\/\/apkmods.com.br\/en\/wp-json\/wp\/v2\/media?parent=746"}],"curies":[{"name":"wp","href":"https:\/\/api.w.org\/{rel}","templated":true}]}}