{"id":3297,"date":"2024-12-05T23:35:50","date_gmt":"2024-12-05T23:35:50","guid":{"rendered":"https:\/\/apkmods.com.br\/?page_id=3297"},"modified":"2024-12-05T23:35:52","modified_gmt":"2024-12-05T23:35:52","slug":"about-us","status":"publish","type":"page","link":"https:\/\/apkmods.com.br\/es\/about-us\/","title":{"rendered":"En"},"content":{"rendered":"<!--advertisement--><div class=\"mx-5 sm:mx-0 sm:text-3xl text-2xl font-medium title-font mb-4 text-gray-900 text-left\">\n<h2 class=\"wp-block-heading\">APKMods<\/h2>\n<\/div><!--advertisement--><div class=\"mx-5 sm:mx-0 sm:text-3xl text-2xl font-medium title-font mb-4 text-gray-900 text-left\">\n<h3 class=\"wp-block-heading\">\u00a1Innovaci\u00f3n a tu alcance!<\/h3>\n<\/div><div class=\"mx-5 sm:mx-0 prose leading-relaxed text-lg mb-5 text-left wp-paragraph\">\n<p>En APKMods, nuestra misi\u00f3n es conectarte con el universo de aplicaciones, juegos e innovaciones tecnol\u00f3gicas. Trabajamos para ofrecer orientaci\u00f3n clara, contenido atractivo y las mejores recomendaciones, siempre enfocados en transformar tu experiencia digital. Ya sea por diversi\u00f3n, productividad o aprendizaje, creemos que la tecnolog\u00eda debe ser un poderoso aliado en tu vida diaria.<\/p>\n<\/div><!--advertisement--><div class=\"mx-5 sm:mx-0 sm:text-3xl text-2xl font-medium title-font mb-4 text-gray-900 text-left\">\n<h3 class=\"wp-block-heading\">\u00bfQui\u00e9nes somos?<\/h3>\n<\/div><div class=\"mx-5 sm:mx-0 prose leading-relaxed text-lg mb-5 text-left wp-paragraph\">\n<p>\u00a1Nos apasiona explorar el mundo de la tecnolog\u00eda y compartirlo contigo! En APKMods, hemos reunido un equipo dedicado a probar, analizar y ofrecer contenido \u00fanico sobre aplicaciones y juegos. \u00bfNuestro objetivo? Ser tu principal referente en informaci\u00f3n tecnol\u00f3gica de calidad, ayud\u00e1ndote a tomar decisiones inteligentes y aprovechar al m\u00e1ximo las herramientas digitales.<\/p>\n<\/div><!--advertisement--><div class=\"mx-5 sm:mx-0 sm:text-3xl text-2xl font-medium title-font mb-4 text-gray-900 text-left\">\n<h3 class=\"wp-block-heading\">\u00a1Colabora con nosotros!<\/h3>\n<\/div><div class=\"mx-5 sm:mx-0 prose leading-relaxed text-lg mb-5 text-left wp-paragraph\">\n<p>\u00a1Tu participaci\u00f3n es esencial para nuestro crecimiento! \u00bfTiene sugerencias, cr\u00edticas o ideas? Ponte en contacto con nosotros mediante nuestro formulario de contacto. Juntos, podemos ampliar fronteras, explorar nuevos horizontes digitales y seguir aportando innovaci\u00f3n y conocimiento a quienes buscan algo m\u00e1s que entretenimiento.<\/p>\n<\/div>","protected":false},"excerpt":{"rendered":"<p>\u00a1Innovaci\u00f3n APKMods a tu alcance! En APKMods, nuestra misi\u00f3n es conectarte con el mundo de las apps, los juegos y las innovaciones tecnol\u00f3gicas. Nos esforzamos por ofrecerte una gu\u00eda clara, contenido atractivo y las mejores recomendaciones, siempre enfocados en transformar tu experiencia digital. Ya sea para la diversi\u00f3n, la productividad o el aprendizaje, creemos que la tecnolog\u00eda debe ser un aliado poderoso en\u2026 <a class=\"more-link\" href=\"https:\/\/apkmods.com.br\/es\/about-us\/\">Sigue leyendo <span class=\"screen-reader-text\">En<\/span><\/a><\/p>","protected":false},"author":34,"featured_media":0,"parent":0,"menu_order":0,"comment_status":"closed","ping_status":"closed","template":"","meta":{"footnotes":""},"yoast_head":"<!-- This site is optimized with the Yoast SEO plugin v23.3 - https:\/\/yoast.com\/wordpress\/plugins\/seo\/ -->\n<title>Sobre - Apk Mods<\/title>\n<meta name=\"robots\" content=\"index, follow, max-snippet:-1, max-image-preview:large, max-video-preview:-1\" \/>\n<link rel=\"canonical\" href=\"https:\/\/apkmods.com.br\/es\/about-us\/\" \/>\n<meta property=\"og:locale\" content=\"es_ES\" \/>\n<meta property=\"og:type\" content=\"article\" \/>\n<meta property=\"og:title\" content=\"Sobre - Apk Mods\" \/>\n<meta property=\"og:description\" content=\"APKMods Inova\u00e7\u00e3o na ponta dos dedos! No APKMods, nossa miss\u00e3o \u00e9 conectar voc\u00ea ao universo dos aplicativos, jogos e inova\u00e7\u00f5es tecnol\u00f3gicas. Trabalhamos para oferecer orienta\u00e7\u00f5es claras, conte\u00fados envolventes e as melhores recomenda\u00e7\u00f5es, sempre focados em transformar sua experi\u00eancia digital. Seja para divers\u00e3o, produtividade ou aprendizado, acreditamos que a tecnologia deve ser uma aliada poderosa no&hellip; Continue reading Sobre\" \/>\n<meta property=\"og:url\" content=\"https:\/\/apkmods.com.br\/es\/about-us\/\" \/>\n<meta property=\"og:site_name\" content=\"Apk Mods\" \/>\n<meta property=\"article:modified_time\" content=\"2024-12-05T23:35:52+00:00\" \/>\n<meta name=\"twitter:card\" content=\"summary_large_image\" \/>\n<meta name=\"twitter:label1\" content=\"Est. reading time\" \/>\n\t<meta name=\"twitter:data1\" content=\"1 minuto\" \/>\n<script type=\"application\/ld+json\" class=\"yoast-schema-graph\">{\"@context\":\"https:\/\/schema.org\",\"@graph\":[{\"@type\":\"WebPage\",\"@id\":\"https:\/\/apkmods.com.br\/about-us\/\",\"url\":\"https:\/\/apkmods.com.br\/about-us\/\",\"name\":\"Sobre - Apk Mods\",\"isPartOf\":{\"@id\":\"https:\/\/apkmods.com.br\/#website\"},\"datePublished\":\"2024-12-05T23:35:50+00:00\",\"dateModified\":\"2024-12-05T23:35:52+00:00\",\"breadcrumb\":{\"@id\":\"https:\/\/apkmods.com.br\/about-us\/#breadcrumb\"},\"inLanguage\":\"es\",\"potentialAction\":[{\"@type\":\"ReadAction\",\"target\":[\"https:\/\/apkmods.com.br\/about-us\/\"]}]},{\"@type\":\"BreadcrumbList\",\"@id\":\"https:\/\/apkmods.com.br\/about-us\/#breadcrumb\",\"itemListElement\":[{\"@type\":\"ListItem\",\"position\":1,\"name\":\"Home\",\"item\":\"https:\/\/apkmods.com.br\/\"},{\"@type\":\"ListItem\",\"position\":2,\"name\":\"Sobre\"}]},{\"@type\":\"WebSite\",\"@id\":\"https:\/\/apkmods.com.br\/#website\",\"url\":\"https:\/\/apkmods.com.br\/\",\"name\":\"Apk Mods\",\"description\":\"Bem-vindo ao mundo dos apps que v\u00e3o turbinar sua vida! \",\"potentialAction\":[{\"@type\":\"SearchAction\",\"target\":{\"@type\":\"EntryPoint\",\"urlTemplate\":\"https:\/\/apkmods.com.br\/?s={search_term_string}\"},\"query-input\":\"required name=search_term_string\"}],\"inLanguage\":\"es\"}]}<\/script>\n<!-- \/ Yoast SEO plugin. -->","yoast_head_json":{"title":"Sobre - Apk Mods","robots":{"index":"index","follow":"follow","max-snippet":"max-snippet:-1","max-image-preview":"max-image-preview:large","max-video-preview":"max-video-preview:-1"},"canonical":"https:\/\/apkmods.com.br\/es\/about-us\/","og_locale":"es_ES","og_type":"article","og_title":"Sobre - Apk Mods","og_description":"APKMods Inova\u00e7\u00e3o na ponta dos dedos! No APKMods, nossa miss\u00e3o \u00e9 conectar voc\u00ea ao universo dos aplicativos, jogos e inova\u00e7\u00f5es tecnol\u00f3gicas. Trabalhamos para oferecer orienta\u00e7\u00f5es claras, conte\u00fados envolventes e as melhores recomenda\u00e7\u00f5es, sempre focados em transformar sua experi\u00eancia digital. Seja para divers\u00e3o, produtividade ou aprendizado, acreditamos que a tecnologia deve ser uma aliada poderosa no&hellip; Continue reading Sobre","og_url":"https:\/\/apkmods.com.br\/es\/about-us\/","og_site_name":"Apk Mods","article_modified_time":"2024-12-05T23:35:52+00:00","twitter_card":"summary_large_image","twitter_misc":{"Est. reading time":"1 minuto"},"schema":{"@context":"https:\/\/schema.org","@graph":[{"@type":"WebPage","@id":"https:\/\/apkmods.com.br\/about-us\/","url":"https:\/\/apkmods.com.br\/about-us\/","name":"Sobre - Apk Mods","isPartOf":{"@id":"https:\/\/apkmods.com.br\/#website"},"datePublished":"2024-12-05T23:35:50+00:00","dateModified":"2024-12-05T23:35:52+00:00","breadcrumb":{"@id":"https:\/\/apkmods.com.br\/about-us\/#breadcrumb"},"inLanguage":"es","potentialAction":[{"@type":"ReadAction","target":["https:\/\/apkmods.com.br\/about-us\/"]}]},{"@type":"BreadcrumbList","@id":"https:\/\/apkmods.com.br\/about-us\/#breadcrumb","itemListElement":[{"@type":"ListItem","position":1,"name":"Home","item":"https:\/\/apkmods.com.br\/"},{"@type":"ListItem","position":2,"name":"Sobre"}]},{"@type":"WebSite","@id":"https:\/\/apkmods.com.br\/#website","url":"https:\/\/apkmods.com.br\/","name":"Apk Mods","description":"Bem-vindo ao mundo dos apps que v\u00e3o turbinar sua vida! ","potentialAction":[{"@type":"SearchAction","target":{"@type":"EntryPoint","urlTemplate":"https:\/\/apkmods.com.br\/?s={search_term_string}"},"query-input":"required name=search_term_string"}],"inLanguage":"es"}]}},"_links":{"self":[{"href":"https:\/\/apkmods.com.br\/es\/wp-json\/wp\/v2\/pages\/3297"}],"collection":[{"href":"https:\/\/apkmods.com.br\/es\/wp-json\/wp\/v2\/pages"}],"about":[{"href":"https:\/\/apkmods.com.br\/es\/wp-json\/wp\/v2\/types\/page"}],"author":[{"embeddable":true,"href":"https:\/\/apkmods.com.br\/es\/wp-json\/wp\/v2\/users\/34"}],"replies":[{"embeddable":true,"href":"https:\/\/apkmods.com.br\/es\/wp-json\/wp\/v2\/comments?post=3297"}],"version-history":[{"count":1,"href":"https:\/\/apkmods.com.br\/es\/wp-json\/wp\/v2\/pages\/3297\/revisions"}],"predecessor-version":[{"id":3298,"href":"https:\/\/apkmods.com.br\/es\/wp-json\/wp\/v2\/pages\/3297\/revisions\/3298"}],"wp:attachment":[{"href":"https:\/\/apkmods.com.br\/es\/wp-json\/wp\/v2\/media?parent=3297"}],"curies":[{"name":"wp","href":"https:\/\/api.w.org\/{rel}","templated":true}]}}